{"id":370,"date":"2024-03-06T06:48:49","date_gmt":"2024-03-06T06:48:49","guid":{"rendered":"https:\/\/demo.bravisthemes.com\/gurus\/?page_id=370"},"modified":"2026-01-22T08:59:31","modified_gmt":"2026-01-22T08:59:31","slug":"tin-tuc","status":"publish","type":"page","link":"http:\/\/mcg-audit.vn\/en\/tin-tuc\/","title":{"rendered":"News"},"content":{"rendered":"<div data-elementor-type=\"wp-page\" data-elementor-id=\"370\" class=\"elementor elementor-370\" data-elementor-post-type=\"page\">\n\t\t\t\t<div class=\"elementor-element elementor-element-9e0f752 e-flex e-con-boxed e-con e-parent\" data-id=\"9e0f752\" data-element_type=\"container\" data-settings=\"{&quot;background_background&quot;:&quot;classic&quot;}\">\t\t\t<div class=\"e-con-inner\">\r\n\t\t\t\t<div class=\"elementor-element elementor-element-dbeca10 elementor-widget elementor-widget-heading\" data-id=\"dbeca10\" data-element_type=\"widget\" data-widget_type=\"heading.default\">\n\t\t\t\t\t<h2 class=\"elementor-heading-title elementor-size-default\">NEWS<\/h2>\t\t\t\t<\/div>\n\t\t\t\t<div class=\"elementor-element elementor-element-8600447 elementor-widget elementor-widget-heading\" data-id=\"8600447\" data-element_type=\"widget\" data-widget_type=\"heading.default\">\n\t\t\t\t\t<h2 class=\"elementor-heading-title elementor-size-default\">A compilation of relevant news related to auditing, accounting, taxation, markets, and other related fields<\/h2>\t\t\t\t<\/div>\n\t\t\t\t\t<\/div>\r\n\t\t\t\t<\/div>\r\n\t\t        <section class=\"elementor-section elementor-top-section elementor-element elementor-element-63d8bbf elementor-section-boxed elementor-section-height-default elementor-section-height-default pxl-row-scroll-none pxl-zoom-point-false pxl-section-overflow-visible pxl-section-fix-none pxl-bg-color-none pxl-section-overlay-none\" data-id=\"63d8bbf\" data-element_type=\"section\">\n\n                \n                <div class=\"elementor-container elementor-column-gap-extended\">\n                <div class=\"elementor-column elementor-col-100 elementor-top-column elementor-element elementor-element-3436498 pxl-column-none pxl-column-overflow-hidden-no\" data-id=\"3436498\" data-element_type=\"column\">\r\n        <div class=\"elementor-widget-wrap elementor-element-populated\">\r\n                     \r\n        \t\t<div class=\"elementor-element elementor-element-2b025e4 pxl-post-layout-post-1 elementor-widget elementor-widget-pxl_post_grid\" data-id=\"2b025e4\" data-element_type=\"widget\" data-widget_type=\"pxl_post_grid.default\">\n\t\t\t\t<div class=\"elementor-widget-container\">\n\t\t\t\t\t\n<div id=\"pxl_post_grid-2b025e4-5248\" class=\"pxl-grid pxl-blog-grid pxl-blog-grid-layout1 style-1\" data-start-page=\"1\" data-max-pages=\"1\" data-total=\"2\" data-perpage=\"6\" data-next-link=\"\" data-loadmore=\"{&quot;tax&quot;:[&quot;category&quot;],&quot;post_type&quot;:&quot;post&quot;,&quot;layout&quot;:&quot;post-1&quot;,&quot;startPage&quot;:1,&quot;maxPages&quot;:1,&quot;total&quot;:2,&quot;filter&quot;:&quot;false&quot;,&quot;filter_type&quot;:&quot;normal&quot;,&quot;perpage&quot;:6,&quot;nextLink&quot;:&quot;&quot;,&quot;source&quot;:&quot;&quot;,&quot;orderby&quot;:&quot;date&quot;,&quot;order&quot;:&quot;desc&quot;,&quot;limit&quot;:6,&quot;post_ids&quot;:[],&quot;col_xl&quot;:4,&quot;col_lg&quot;:6,&quot;col_md&quot;:6,&quot;col_sm&quot;:6,&quot;col_xs&quot;:12,&quot;pagination_type&quot;:&quot;pagination&quot;,&quot;show_date&quot;:&quot;true&quot;,&quot;show_excerpt&quot;:&quot;true&quot;,&quot;num_words&quot;:16,&quot;show_comment&quot;:&quot;true&quot;,&quot;show_button&quot;:&quot;true&quot;,&quot;button_text&quot;:&quot;View More&quot;,&quot;img_size&quot;:&quot;558x400&quot;,&quot;grid_masonry&quot;:&quot;&quot;,&quot;pxl_animate&quot;:&quot;&quot;}\">\n        <div class=\"pxl-grid-inner pxl-grid-masonry row\" data-gutter=\"15\">\n                    <div class=\"pxl-grid-item col-xl-4 col-lg-6 col-md-6 col-sm-6 col-12 tuyen-dung\">\n                <div class=\"pxl-post--inner\" data-wow-duration=\"1.2s\">\n                                            <div class=\"pxl-post--featured hover-imge-effect2\">\n                            <a href=\"http:\/\/mcg-audit.vn\/en\/tuyen-dung-thuc-tap-sinh\/\"><img fetchpriority=\"high\" decoding=\"async\" class=\"\" src=\"http:\/\/mcg-audit.vn\/wp-content\/uploads\/2024\/10\/freepik__adjust__69614-558x400.jpeg\" width=\"558\" height=\"400\" alt=\"freepik__adjust__69614\" title=\"freepik__adjust__69614\" \/><\/a>\n                                                    <\/div>\n                    \n                    <div class=\"pxl-post-holder\">\n                        <div class=\"pxl-post-info\">\n                            <div class=\"pxl-post--meta\">\n                                                                    <div class=\"pxl-post--date pxl-p3\">\n                                        09\/10\/2025                                    <\/div>\n                                                                                                    <div class=\"pxl-post--comment\">\n                                        <i class=\"flaticon flaticon-comment pxl-green-1\"><\/i>\n                                        <span class=\"comments-count pxl-p4\">\n                                            0                                        <\/span>\n                                    <\/div>\n                                                            <\/div>\n                            <h4 class=\"pxl-post--title pxl-hover-line\">\n                                <a class=\"\" href=\"http:\/\/mcg-audit.vn\/en\/tuyen-dung-thuc-tap-sinh\/\">Internship Recruitment Announcement \u2013 Audit Assistant Intern<\/a>\n                            <\/h4>\n                                                            <div class=\"pxl-post--excerpt pxl-p2 pxl-two-line\">\n                                    MCG is recruiting an Audit Assistant intern to work in Hanoi. Students\u2026                                <\/div>\n                                                    <\/div>\n\n                                                    <div class=\"pxl-post-btn--wrap\">\n                                <a class=\"btn btn-round pxl-post--btn btn-hover-style-2\" href=\"http:\/\/mcg-audit.vn\/en\/tuyen-dung-thuc-tap-sinh\/\">\n                                    <span class=\"pxl-btn--text\">View More<\/span>\n                                    <i class=\"flaticon flaticon-plus-normal\"><\/i>\n                                <\/a>\n                            <\/div>\n                                            <\/div>\n                <\/div>\n            <\/div>\n                    <div class=\"pxl-grid-item col-xl-4 col-lg-6 col-md-6 col-sm-6 col-12 tin-tuc\">\n                <div class=\"pxl-post--inner\" data-wow-duration=\"1.2s\">\n                                            <div class=\"pxl-post--featured hover-imge-effect2\">\n                            <a href=\"http:\/\/mcg-audit.vn\/en\/ke-toan-thuong-mai-dich-vu-la-gi\/\"><img decoding=\"async\" class=\"\" src=\"http:\/\/mcg-audit.vn\/wp-content\/uploads\/2025\/09\/accounting-company-provide-finance-taxation-planning-profitable-cash-flow-auditor-accountant-team-working-office-analyze-financial-data-accounting-record-with-calculatorinsight-2-558x400.jpg\" width=\"558\" height=\"400\" alt=\"Accounting company provide finance and taxation planning for profitable cash flow, Auditor and accountant team working in office, analyze financial data and accounting record with calculator.Insight\" title=\"Accounting company provide finance and taxation planning for pro\" \/><\/a>\n                                                    <\/div>\n                    \n                    <div class=\"pxl-post-holder\">\n                        <div class=\"pxl-post-info\">\n                            <div class=\"pxl-post--meta\">\n                                                                    <div class=\"pxl-post--date pxl-p3\">\n                                        28\/09\/2025                                    <\/div>\n                                                                                                    <div class=\"pxl-post--comment\">\n                                        <i class=\"flaticon flaticon-comment pxl-green-1\"><\/i>\n                                        <span class=\"comments-count pxl-p4\">\n                                            0                                        <\/span>\n                                    <\/div>\n                                                            <\/div>\n                            <h4 class=\"pxl-post--title pxl-hover-line\">\n                                <a class=\"\" href=\"http:\/\/mcg-audit.vn\/en\/ke-toan-thuong-mai-dich-vu-la-gi\/\">What Is Commercial and Service Accounting?<\/a>\n                            <\/h4>\n                                                            <div class=\"pxl-post--excerpt pxl-p2 pxl-two-line\">\n                                    Commercial and service accounting is a branch of accounting where employment opportunities are\u2026                                <\/div>\n                                                    <\/div>\n\n                                                    <div class=\"pxl-post-btn--wrap\">\n                                <a class=\"btn btn-round pxl-post--btn btn-hover-style-2\" href=\"http:\/\/mcg-audit.vn\/en\/ke-toan-thuong-mai-dich-vu-la-gi\/\">\n                                    <span class=\"pxl-btn--text\">View More<\/span>\n                                    <i class=\"flaticon flaticon-plus-normal\"><\/i>\n                                <\/a>\n                            <\/div>\n                                            <\/div>\n                <\/div>\n            <\/div>\n                <div class=\"grid-sizer col-xl-4 col-lg-6 col-md-6 col-sm-6 col-12\"><\/div>\n    <\/div>\n            <div class=\"pxl-grid-pagination\">\n                    <\/div>\n        <\/div>\t\t\t\t<\/div>\n\t\t\t\t<\/div>\n\t\t            <\/div>\r\n        <\/div>\r\n        \t\t\t<\/div>\n\t\t<\/section>\n\t\t\t\t<\/div>","protected":false},"excerpt":{"rendered":"<p>TIN T\u1ee8C T\u1ed5ng h\u1ee3p c\u00e1c tin t\u1ee9c li\u00ean quan \u0111\u1ec3 ki\u1ec3m to\u00e1n, k\u1ebf to\u00e1n, thu\u1ebf, th\u1ecb tr\u01b0\u1eddng v\u00e0 c\u00e1c l\u0129nh v\u1ef1c li\u00ean quan 09\/10\/2025 0 Th\u00f4ng b\u00e1o Tuy\u1ec3n d\u1ee5ng Th\u1ef1c t\u1eadp sinh Tr\u1ee3 l\u00fd Ki\u1ec3m to\u00e1n MCG tuy\u1ec3n th\u1ef1c t\u1eadp sinh Tr\u1ee3 l\u00fd Ki\u1ec3m to\u00e1n, l\u00e0m vi\u1ec7c t\u1ea1i H\u00e0 N\u1ed9i. Sinh vi\u00ean&hellip; View More 28\/09\/2025 [&hellip;]<\/p>","protected":false},"author":1,"featured_media":0,"parent":0,"menu_order":0,"comment_status":"closed","ping_status":"closed","template":"","meta":{"footnotes":""},"class_list":["post-370","page","type-page","status-publish","hentry"],"yoast_head":"<!-- This site is optimized with the Yoast SEO plugin v25.8 - https:\/\/yoast.com\/wordpress\/plugins\/seo\/ -->\r\n<title>Tin t\u1ee9c - C\u00f4ng ty TNHH H\u00e3ng Ki\u1ec3m to\u00e1n &amp; T\u01b0 v\u1ea5n MCG<\/title>\r\n<meta name=\"description\" content=\"C\u1eadp nh\u1eadt tin t\u1ee9c, ch\u00ednh s\u00e1ch v\u00e0 ph\u00e2n t\u00edch chuy\u00ean s\u00e2u v\u1ec1 k\u1ebf to\u00e1n, thu\u1ebf, ki\u1ec3m to\u00e1n v\u00e0 qu\u1ea3n tr\u1ecb doanh nghi\u1ec7p t\u1eeb \u0111\u1ed9i ng\u0169 chuy\u00ean gia MCG Audit.\" \/>\r\n<meta name=\"robots\" content=\"index, follow, max-snippet:-1, max-image-preview:large, max-video-preview:-1\" \/>\r\n<link rel=\"canonical\" href=\"http:\/\/mcg-audit.vn\/en\/tin-tuc\/\" \/>\r\n<meta property=\"og:locale\" content=\"en_US\" \/>\r\n<meta property=\"og:type\" content=\"article\" \/>\r\n<meta property=\"og:title\" content=\"Tin t\u1ee9c - C\u00f4ng ty TNHH H\u00e3ng Ki\u1ec3m to\u00e1n &amp; T\u01b0 v\u1ea5n MCG\" \/>\r\n<meta property=\"og:description\" content=\"C\u1eadp nh\u1eadt tin t\u1ee9c, ch\u00ednh s\u00e1ch v\u00e0 ph\u00e2n t\u00edch chuy\u00ean s\u00e2u v\u1ec1 k\u1ebf to\u00e1n, thu\u1ebf, ki\u1ec3m to\u00e1n v\u00e0 qu\u1ea3n tr\u1ecb doanh nghi\u1ec7p t\u1eeb \u0111\u1ed9i ng\u0169 chuy\u00ean gia MCG Audit.\" \/>\r\n<meta property=\"og:url\" content=\"http:\/\/mcg-audit.vn\/en\/tin-tuc\/\" \/>\r\n<meta property=\"og:site_name\" content=\"C\u00f4ng ty TNHH H\u00e3ng Ki\u1ec3m to\u00e1n &amp; T\u01b0 v\u1ea5n MCG\" \/>\r\n<meta property=\"article:modified_time\" content=\"2026-01-22T08:59:31+00:00\" \/>\r\n<meta property=\"og:image\" content=\"http:\/\/mcg-audit.vn\/wp-content\/uploads\/2024\/10\/freepik__adjust__69614-558x400.jpeg\" \/>\r\n<meta name=\"twitter:card\" content=\"summary_large_image\" \/>\r\n<meta name=\"twitter:label1\" content=\"Est. reading time\" \/>\n\t<meta name=\"twitter:data1\" content=\"1 minute\" \/>\r\n<script type=\"application\/ld+json\" class=\"yoast-schema-graph\">{\"@context\":\"https:\/\/schema.org\",\"@graph\":[{\"@type\":\"WebPage\",\"@id\":\"http:\/\/mcg-audit.vn\/tin-tuc\/\",\"url\":\"http:\/\/mcg-audit.vn\/tin-tuc\/\",\"name\":\"Tin t\u1ee9c - C\u00f4ng ty TNHH H\u00e3ng Ki\u1ec3m to\u00e1n &amp; T\u01b0 v\u1ea5n MCG\",\"isPartOf\":{\"@id\":\"http:\/\/mcg-audit.vn\/#website\"},\"primaryImageOfPage\":{\"@id\":\"http:\/\/mcg-audit.vn\/tin-tuc\/#primaryimage\"},\"image\":{\"@id\":\"http:\/\/mcg-audit.vn\/tin-tuc\/#primaryimage\"},\"thumbnailUrl\":\"http:\/\/mcg-audit.vn\/wp-content\/uploads\/2024\/10\/freepik__adjust__69614-558x400.jpeg\",\"datePublished\":\"2024-03-06T06:48:49+00:00\",\"dateModified\":\"2026-01-22T08:59:31+00:00\",\"description\":\"C\u1eadp nh\u1eadt tin t\u1ee9c, ch\u00ednh s\u00e1ch v\u00e0 ph\u00e2n t\u00edch chuy\u00ean s\u00e2u v\u1ec1 k\u1ebf to\u00e1n, thu\u1ebf, ki\u1ec3m to\u00e1n v\u00e0 qu\u1ea3n tr\u1ecb doanh nghi\u1ec7p t\u1eeb \u0111\u1ed9i ng\u0169 chuy\u00ean gia MCG Audit.\",\"breadcrumb\":{\"@id\":\"http:\/\/mcg-audit.vn\/tin-tuc\/#breadcrumb\"},\"inLanguage\":\"en-US\",\"potentialAction\":[{\"@type\":\"ReadAction\",\"target\":[\"http:\/\/mcg-audit.vn\/tin-tuc\/\"]}]},{\"@type\":\"ImageObject\",\"inLanguage\":\"en-US\",\"@id\":\"http:\/\/mcg-audit.vn\/tin-tuc\/#primaryimage\",\"url\":\"http:\/\/mcg-audit.vn\/wp-content\/uploads\/2024\/10\/freepik__adjust__69614-558x400.jpeg\",\"contentUrl\":\"http:\/\/mcg-audit.vn\/wp-content\/uploads\/2024\/10\/freepik__adjust__69614-558x400.jpeg\"},{\"@type\":\"BreadcrumbList\",\"@id\":\"http:\/\/mcg-audit.vn\/tin-tuc\/#breadcrumb\",\"itemListElement\":[{\"@type\":\"ListItem\",\"position\":1,\"name\":\"Home\",\"item\":\"http:\/\/mcg-audit.vn\/\"},{\"@type\":\"ListItem\",\"position\":2,\"name\":\"Tin t\u1ee9c\"}]},{\"@type\":\"WebSite\",\"@id\":\"http:\/\/mcg-audit.vn\/#website\",\"url\":\"http:\/\/mcg-audit.vn\/\",\"name\":\"C\u00f4ng ty TNHH H\u00e3ng Ki\u1ec3m to\u00e1n &amp; T\u01b0 v\u1ea5n MCG\",\"description\":\"\",\"publisher\":{\"@id\":\"http:\/\/mcg-audit.vn\/#organization\"},\"potentialAction\":[{\"@type\":\"SearchAction\",\"target\":{\"@type\":\"EntryPoint\",\"urlTemplate\":\"http:\/\/mcg-audit.vn\/?s={search_term_string}\"},\"query-input\":{\"@type\":\"PropertyValueSpecification\",\"valueRequired\":true,\"valueName\":\"search_term_string\"}}],\"inLanguage\":\"en-US\"},{\"@type\":\"Organization\",\"@id\":\"http:\/\/mcg-audit.vn\/#organization\",\"name\":\"C\u00f4ng ty TNHH H\u00e3ng Ki\u1ec3m to\u00e1n &amp; T\u01b0 v\u1ea5n MCG\",\"url\":\"http:\/\/mcg-audit.vn\/\",\"logo\":{\"@type\":\"ImageObject\",\"inLanguage\":\"en-US\",\"@id\":\"http:\/\/mcg-audit.vn\/#\/schema\/logo\/image\/\",\"url\":\"http:\/\/mcg-audit.vn\/wp-content\/uploads\/2024\/03\/cropped-logo-Audit-with-text.png\",\"contentUrl\":\"http:\/\/mcg-audit.vn\/wp-content\/uploads\/2024\/03\/cropped-logo-Audit-with-text.png\",\"width\":1612,\"height\":580,\"caption\":\"C\u00f4ng ty TNHH H\u00e3ng Ki\u1ec3m to\u00e1n &amp; T\u01b0 v\u1ea5n MCG\"},\"image\":{\"@id\":\"http:\/\/mcg-audit.vn\/#\/schema\/logo\/image\/\"}}]}<\/script>\r\n<!-- \/ Yoast SEO plugin. -->","yoast_head_json":{"title":"Tin t\u1ee9c - C\u00f4ng ty TNHH H\u00e3ng Ki\u1ec3m to\u00e1n &amp; T\u01b0 v\u1ea5n MCG","description":"C\u1eadp nh\u1eadt tin t\u1ee9c, ch\u00ednh s\u00e1ch v\u00e0 ph\u00e2n t\u00edch chuy\u00ean s\u00e2u v\u1ec1 k\u1ebf to\u00e1n, thu\u1ebf, ki\u1ec3m to\u00e1n v\u00e0 qu\u1ea3n tr\u1ecb doanh nghi\u1ec7p t\u1eeb \u0111\u1ed9i ng\u0169 chuy\u00ean gia MCG Audit.","robots":{"index":"index","follow":"follow","max-snippet":"max-snippet:-1","max-image-preview":"max-image-preview:large","max-video-preview":"max-video-preview:-1"},"canonical":"http:\/\/mcg-audit.vn\/en\/tin-tuc\/","og_locale":"en_US","og_type":"article","og_title":"Tin t\u1ee9c - C\u00f4ng ty TNHH H\u00e3ng Ki\u1ec3m to\u00e1n &amp; T\u01b0 v\u1ea5n MCG","og_description":"C\u1eadp nh\u1eadt tin t\u1ee9c, ch\u00ednh s\u00e1ch v\u00e0 ph\u00e2n t\u00edch chuy\u00ean s\u00e2u v\u1ec1 k\u1ebf to\u00e1n, thu\u1ebf, ki\u1ec3m to\u00e1n v\u00e0 qu\u1ea3n tr\u1ecb doanh nghi\u1ec7p t\u1eeb \u0111\u1ed9i ng\u0169 chuy\u00ean gia MCG Audit.","og_url":"http:\/\/mcg-audit.vn\/en\/tin-tuc\/","og_site_name":"C\u00f4ng ty TNHH H\u00e3ng Ki\u1ec3m to\u00e1n &amp; T\u01b0 v\u1ea5n MCG","article_modified_time":"2026-01-22T08:59:31+00:00","og_image":[{"url":"http:\/\/mcg-audit.vn\/wp-content\/uploads\/2024\/10\/freepik__adjust__69614-558x400.jpeg","type":"","width":"","height":""}],"twitter_card":"summary_large_image","twitter_misc":{"Est. reading time":"1 minute"},"schema":{"@context":"https:\/\/schema.org","@graph":[{"@type":"WebPage","@id":"http:\/\/mcg-audit.vn\/tin-tuc\/","url":"http:\/\/mcg-audit.vn\/tin-tuc\/","name":"Tin t\u1ee9c - C\u00f4ng ty TNHH H\u00e3ng Ki\u1ec3m to\u00e1n &amp; T\u01b0 v\u1ea5n MCG","isPartOf":{"@id":"http:\/\/mcg-audit.vn\/#website"},"primaryImageOfPage":{"@id":"http:\/\/mcg-audit.vn\/tin-tuc\/#primaryimage"},"image":{"@id":"http:\/\/mcg-audit.vn\/tin-tuc\/#primaryimage"},"thumbnailUrl":"http:\/\/mcg-audit.vn\/wp-content\/uploads\/2024\/10\/freepik__adjust__69614-558x400.jpeg","datePublished":"2024-03-06T06:48:49+00:00","dateModified":"2026-01-22T08:59:31+00:00","description":"C\u1eadp nh\u1eadt tin t\u1ee9c, ch\u00ednh s\u00e1ch v\u00e0 ph\u00e2n t\u00edch chuy\u00ean s\u00e2u v\u1ec1 k\u1ebf to\u00e1n, thu\u1ebf, ki\u1ec3m to\u00e1n v\u00e0 qu\u1ea3n tr\u1ecb doanh nghi\u1ec7p t\u1eeb \u0111\u1ed9i ng\u0169 chuy\u00ean gia MCG Audit.","breadcrumb":{"@id":"http:\/\/mcg-audit.vn\/tin-tuc\/#breadcrumb"},"inLanguage":"en-US","potentialAction":[{"@type":"ReadAction","target":["http:\/\/mcg-audit.vn\/tin-tuc\/"]}]},{"@type":"ImageObject","inLanguage":"en-US","@id":"http:\/\/mcg-audit.vn\/tin-tuc\/#primaryimage","url":"http:\/\/mcg-audit.vn\/wp-content\/uploads\/2024\/10\/freepik__adjust__69614-558x400.jpeg","contentUrl":"http:\/\/mcg-audit.vn\/wp-content\/uploads\/2024\/10\/freepik__adjust__69614-558x400.jpeg"},{"@type":"BreadcrumbList","@id":"http:\/\/mcg-audit.vn\/tin-tuc\/#breadcrumb","itemListElement":[{"@type":"ListItem","position":1,"name":"Home","item":"http:\/\/mcg-audit.vn\/"},{"@type":"ListItem","position":2,"name":"Tin t\u1ee9c"}]},{"@type":"WebSite","@id":"http:\/\/mcg-audit.vn\/#website","url":"http:\/\/mcg-audit.vn\/","name":"C\u00f4ng ty TNHH H\u00e3ng Ki\u1ec3m to\u00e1n &amp; T\u01b0 v\u1ea5n MCG","description":"","publisher":{"@id":"http:\/\/mcg-audit.vn\/#organization"},"potentialAction":[{"@type":"SearchAction","target":{"@type":"EntryPoint","urlTemplate":"http:\/\/mcg-audit.vn\/?s={search_term_string}"},"query-input":{"@type":"PropertyValueSpecification","valueRequired":true,"valueName":"search_term_string"}}],"inLanguage":"en-US"},{"@type":"Organization","@id":"http:\/\/mcg-audit.vn\/#organization","name":"C\u00f4ng ty TNHH H\u00e3ng Ki\u1ec3m to\u00e1n &amp; T\u01b0 v\u1ea5n MCG","url":"http:\/\/mcg-audit.vn\/","logo":{"@type":"ImageObject","inLanguage":"en-US","@id":"http:\/\/mcg-audit.vn\/#\/schema\/logo\/image\/","url":"http:\/\/mcg-audit.vn\/wp-content\/uploads\/2024\/03\/cropped-logo-Audit-with-text.png","contentUrl":"http:\/\/mcg-audit.vn\/wp-content\/uploads\/2024\/03\/cropped-logo-Audit-with-text.png","width":1612,"height":580,"caption":"C\u00f4ng ty TNHH H\u00e3ng Ki\u1ec3m to\u00e1n &amp; T\u01b0 v\u1ea5n MCG"},"image":{"@id":"http:\/\/mcg-audit.vn\/#\/schema\/logo\/image\/"}}]}},"_links":{"self":[{"href":"http:\/\/mcg-audit.vn\/en\/wp-json\/wp\/v2\/pages\/370","targetHints":{"allow":["GET"]}}],"collection":[{"href":"http:\/\/mcg-audit.vn\/en\/wp-json\/wp\/v2\/pages"}],"about":[{"href":"http:\/\/mcg-audit.vn\/en\/wp-json\/wp\/v2\/types\/page"}],"author":[{"embeddable":true,"href":"http:\/\/mcg-audit.vn\/en\/wp-json\/wp\/v2\/users\/1"}],"replies":[{"embeddable":true,"href":"http:\/\/mcg-audit.vn\/en\/wp-json\/wp\/v2\/comments?post=370"}],"version-history":[{"count":26,"href":"http:\/\/mcg-audit.vn\/en\/wp-json\/wp\/v2\/pages\/370\/revisions"}],"predecessor-version":[{"id":24808,"href":"http:\/\/mcg-audit.vn\/en\/wp-json\/wp\/v2\/pages\/370\/revisions\/24808"}],"wp:attachment":[{"href":"http:\/\/mcg-audit.vn\/en\/wp-json\/wp\/v2\/media?parent=370"}],"curies":[{"name":"wp","href":"https:\/\/api.w.org\/{rel}","templated":true}]}}